{"id":20,"date":"2017-09-15T09:32:51","date_gmt":"2017-09-15T09:32:51","guid":{"rendered":"https:\/\/finlandmuuraus.fi\/?page_id=20"},"modified":"2025-05-28T06:51:43","modified_gmt":"2025-05-28T06:51:43","slug":"etusivu","status":"publish","type":"page","link":"https:\/\/finlandmuuraus.fi\/","title":{"rendered":"Etusivu"},"content":{"rendered":"\n\n\t<h1>\n\t\t\t\tKaikki muuraukset\n\t\t\t<\/h1>\n\t<h2>\n\t\t\t\tMuurausty\u00f6t ammattitaidolla\n\t\t\t<\/h2>\n\t<h2>\n\t\t\t\tFinland Muuraus\n\t\t\t<\/h2>\n\t\t\t<p>Finland Muuraus on Uudellamaalla toimiva laadukas ja ammattitaitoinen muurausalan yritys. Toimimme rakennusliikkeiden kumppanina sek\u00e4 kuluttajaprojekteissa kaikissa muuraukseen liittyviss\u00e4 tarpeissa tehokkaasti, ammattitaidolla ja sovitussa aikataulussa.<\/p>\t\n\t<h2>\n\t\t\t\tVuosien kokemus\n\t\t\t<\/h2>\n\t\t\t<p>Vuosien kokemus takaa, ett\u00e4 laajemmatkin muurausprojektit toteutuvat kauttamme. Ty\u00f6t suoritetaan perinteisen\u00e4 korkeatasoisena k\u00e4sity\u00f6n\u00e4. My\u00f6s yksitt\u00e4iset kuluttajaprojektit kuten takat, piiput ja rappausty\u00f6t. Ota yhteytt\u00e4 ja kysy lis\u00e4\u00e4!<\/p>\t\n\t<ul>\n\t\t<li>\t\t\t\t\n\t\tVerhomuuraus<\/li><li>\t\t\t\t\n\t\tHarkkomuuraus<\/li><li>\t\t\t\t\n\t\tLiimakivimuuraus<\/li><li>\t\t\t\t\n\t\tPiiput &#038; takat<\/li><li>\t\t\t\t\n\t\tRappaus<\/li>\t<\/ul>\n\t<h2>\n\t\t\t\tKaikki muuraukset\n\t\t\t<\/h2>\n\t<p>Suuresta projektista pieneen &#8211; muurausty\u00f6t\u00a0 hoituu vuosien kokemuksella ja ammattitaidolla. Toiminta-alueena Uusimaa. Teemme yhteisty\u00f6t\u00e4 rakennusliikkeiden ja takkavalmistajien kanssa. Ota yhteytt\u00e4 ja kysy lis\u00e4\u00e4!<\/p>\n\t<h2>\n\t\t\t\tHinnasto\n\t\t\t<\/h2>\n\t<h4>\n\t\t\t\tTuntihinta\n\t\t\t<\/h4>\n\t<h3>\n\t\t\t\t32 &#8211; 40 \u20ac\n\t\t\t<\/h3>\n\t<ul>\n\t\t<li>\t\t\t\t\n\t\tTy\u00f6st\u00e4 ja ty\u00f6maasta riippuen<\/li>\t<\/ul>\n\t<h4>\n\t\t\t\tRappausty\u00f6t\n\t\t\t<\/h4>\n\t<h3>\n\t\t\t\t35 \u20ac\/ tunti\n\t\t\t<\/h3>\n\t<ul>\n\t\t<li>\t\t\t\t\n\t\t&#8221;Avaimet k\u00e4teen&#8221; -periaatteella<\/li>\t<\/ul>\n\t<h4>\n\t\t\t\tApumies\n\t\t\t<\/h4>\n\t<h3>\n\t\t\t\t25 &#8211; 28 \u20ac\n\t\t\t<\/h3>\n\t<ul>\n\t\t<li>\t\t\t\t\n\t\tApumiehen (tarvittaessa) tuntipalkka<\/li>\t<\/ul>\n\t<h2>\n\t\t\t\tKysy tarjous\n\t\t\t<\/h2>\n\t\t\t<p>Kerro meille tulevasta urakastasi ja pyyd\u00e4 tarjous! Meid\u00e4n kauttamme niin pieni kuin suurikin urakka onnistuu aikatauluista tai ammattitaidosta tinkim\u00e4tt\u00e4.<\/p>\t\n\t\t\t\t<img decoding=\"async\" src=\"https:\/\/finlandmuuraus.fi\/wp-content\/uploads\/2021\/03\/AdobeStock_310464231.jpg\" alt=\"AdobeStock_310464231\" title=\"AdobeStock_310464231\" itemprop=\"image\"\/>\n\t<h2>\n\t\t\t\tOta yhteytt\u00e4\n\t\t\t<\/h2>\n\t\t\t<p>044 982 3747Finland Muuraus OyRaiviosuonm\u00e4ki 7 A, 01620 Vantaa2923224-3<\/p>\t\n\t<div class=\"wpforms-container \" id=\"wpforms-15\"><form id=\"wpforms-form-15\" class=\"wpforms-validate wpforms-form\" data-formid=\"15\" method=\"post\" enctype=\"multipart\/form-data\" action=\"\/index.php?rest_route=%2Fwp%2Fv2%2Fpages%2F20\" data-token=\"4ef36dcebaf71a5724bc92ff39680a6b\" data-token-time=\"1775939256\"><noscript class=\"wpforms-error-noscript\">Please enable JavaScript in your browser to complete this form.<\/noscript><div class=\"wpforms-field-container\"><div id=\"wpforms-15-field_0-container\" class=\"wpforms-field wpforms-field-name\" data-field-id=\"0\"><label class=\"wpforms-field-label wpforms-label-hide\" for=\"wpforms-15-field_0\">Name <span class=\"wpforms-required-label\">*<\/span><\/label><input type=\"text\" id=\"wpforms-15-field_0\" class=\"wpforms-field-large wpforms-field-required\" name=\"wpforms[fields][0]\" placeholder=\"Name*\" required><\/div><div id=\"wpforms-15-field_1-container\" class=\"wpforms-field wpforms-field-email\" data-field-id=\"1\"><label class=\"wpforms-field-label wpforms-label-hide\" for=\"wpforms-15-field_1\">Email <span class=\"wpforms-required-label\">*<\/span><\/label><input type=\"email\" id=\"wpforms-15-field_1\" class=\"wpforms-field-large wpforms-field-required\" name=\"wpforms[fields][1]\" placeholder=\"Email*\" spellcheck=\"false\" required><\/div><div id=\"wpforms-15-field_2-container\" class=\"wpforms-field wpforms-field-textarea\" data-field-id=\"2\"><label class=\"wpforms-field-label wpforms-label-hide\" for=\"wpforms-15-field_2\">Message <span class=\"wpforms-required-label\">*<\/span><\/label><textarea id=\"wpforms-15-field_2\" class=\"wpforms-field-medium wpforms-field-required\" name=\"wpforms[fields][2]\" placeholder=\"Message*\" required><\/textarea><\/div><\/div><!-- .wpforms-field-container --><div class=\"wpforms-field wpforms-field-hp\"><label for=\"wpforms-15-field-hp\" class=\"wpforms-field-label\">Name<\/label><input type=\"text\" name=\"wpforms[hp]\" id=\"wpforms-15-field-hp\" class=\"wpforms-field-medium\"><\/div><div class=\"wpforms-submit-container\" ><input type=\"hidden\" name=\"wpforms[id]\" value=\"15\"><input type=\"hidden\" name=\"page_title\" value=\"\"><input type=\"hidden\" name=\"page_url\" value=\"https:\/\/finlandmuuraus.fi\/index.php?rest_route=\/wp\/v2\/pages\/20\"><input type=\"hidden\" name=\"url_referer\" value=\"\"><button type=\"submit\" name=\"wpforms[submit]\" id=\"wpforms-submit-15\" class=\"wpforms-submit\" data-alt-text=\"Sending...\" data-submit-text=\"Submit\" aria-live=\"assertive\" value=\"wpforms-submit\">Submit<\/button><\/div><\/form><\/div>  <!-- .wpforms-container -->\n\n","protected":false},"excerpt":{"rendered":"<p>Kaikki muuraukset Muurausty\u00f6t ammattitaidolla Finland Muuraus Finland Muuraus on Uudellamaalla toimiva laadukas ja ammattitaitoinen muurausalan yritys. Toimimme rakennusliikkeiden kumppanina sek\u00e4 kuluttajaprojekteissa kaikissa muuraukseen liittyviss\u00e4 tarpeissa tehokkaasti, ammattitaidolla ja sovitussa aikataulussa. Vuosien kokemus Vuosien kokemus takaa, ett\u00e4 laajemmatkin muurausprojektit toteutuvat kauttamme. Ty\u00f6t suoritetaan perinteisen\u00e4 korkeatasoisena k\u00e4sity\u00f6n\u00e4. My\u00f6s yksitt\u00e4iset kuluttajaprojektit kuten takat, piiput ja rappausty\u00f6t. Ota yhteytt\u00e4 [&hellip;]<\/p>\n","protected":false},"author":1,"featured_media":0,"parent":0,"menu_order":0,"comment_status":"closed","ping_status":"open","template":"","meta":{"site-sidebar-layout":"no-sidebar","site-content-layout":"page-builder","ast-site-content-layout":"default","site-content-style":"default","site-sidebar-style":"default","ast-global-header-display":"","ast-banner-title-visibility":"","ast-main-header-display":"","ast-hfb-above-header-display":"","ast-hfb-below-header-display":"","ast-hfb-mobile-header-display":"","site-post-title":"disabled","ast-breadcrumbs-content":"","ast-featured-img":"disabled","footer-sml-layout":"","ast-disable-related-posts":"","theme-transparent-header-meta":"default","adv-header-id-meta":"","stick-header-meta":"","header-above-stick-meta":"","header-main-stick-meta":"","header-below-stick-meta":"","astra-migrate-meta-layouts":"default","ast-page-background-enabled":"default","ast-page-background-meta":{"desktop":{"background-color":"","background-image":"","background-repeat":"repeat","background-position":"center center","background-size":"auto","background-attachment":"scroll","background-type":"","background-media":"","overlay-type":"","overlay-color":"","overlay-opacity":"","overlay-gradient":""},"tablet":{"background-color":"","background-image":"","background-repeat":"repeat","background-position":"center center","background-size":"auto","background-attachment":"scroll","background-type":"","background-media":"","overlay-type":"","overlay-color":"","overlay-opacity":"","overlay-gradient":""},"mobile":{"background-color":"","background-image":"","background-repeat":"repeat","background-position":"center center","background-size":"auto","background-attachment":"scroll","background-type":"","background-media":"","overlay-type":"","overlay-color":"","overlay-opacity":"","overlay-gradient":""}},"ast-content-background-meta":{"desktop":{"background-color":"var(--ast-global-color-5)","background-image":"","background-repeat":"repeat","background-position":"center center","background-size":"auto","background-attachment":"scroll","background-type":"","background-media":"","overlay-type":"","overlay-color":"","overlay-opacity":"","overlay-gradient":""},"tablet":{"background-color":"var(--ast-global-color-5)","background-image":"","background-repeat":"repeat","background-position":"center center","background-size":"auto","background-attachment":"scroll","background-type":"","background-media":"","overlay-type":"","overlay-color":"","overlay-opacity":"","overlay-gradient":""},"mobile":{"background-color":"var(--ast-global-color-5)","background-image":"","background-repeat":"repeat","background-position":"center center","background-size":"auto","background-attachment":"scroll","background-type":"","background-media":"","overlay-type":"","overlay-color":"","overlay-opacity":"","overlay-gradient":""}},"footnotes":""},"class_list":["post-20","page","type-page","status-publish","hentry"],"yoast_head":"<!-- This site is optimized with the Yoast SEO plugin v19.8 - https:\/\/yoast.com\/wordpress\/plugins\/seo\/ -->\n<title>Etusivu - Finland Muuraus<\/title>\n<meta name=\"description\" content=\"Finland Muuraus on Uudellamaalla toimiva laadukas ja ammattitaitoinen muurausalan yritys. Toimimme rakennusliikkeiden kumppanina sek\u00e4 kuluttajaprojekteissa kaikissa muuraukseen liittyviss\u00e4 tarpeissa tehokkaasti, ammattitaidolla ja sovitussa aikataulussa.\" \/>\n<meta name=\"robots\" content=\"index, follow, max-snippet:-1, max-image-preview:large, max-video-preview:-1\" \/>\n<link rel=\"canonical\" href=\"https:\/\/finlandmuuraus.fi\/\" \/>\n<meta property=\"og:locale\" content=\"fi_FI\" \/>\n<meta property=\"og:type\" content=\"article\" \/>\n<meta property=\"og:title\" content=\"Etusivu - Finland Muuraus\" \/>\n<meta property=\"og:description\" content=\"Finland Muuraus on Uudellamaalla toimiva laadukas ja ammattitaitoinen muurausalan yritys. Toimimme rakennusliikkeiden kumppanina sek\u00e4 kuluttajaprojekteissa kaikissa muuraukseen liittyviss\u00e4 tarpeissa tehokkaasti, ammattitaidolla ja sovitussa aikataulussa.\" \/>\n<meta property=\"og:url\" content=\"https:\/\/finlandmuuraus.fi\/\" \/>\n<meta property=\"og:site_name\" content=\"Finland Muuraus\" \/>\n<meta property=\"article:modified_time\" content=\"2025-05-28T06:51:43+00:00\" \/>\n<meta property=\"og:image\" content=\"https:\/\/finlandmuuraus.fi\/wp-content\/uploads\/2021\/03\/AdobeStock_310464231.jpg\" \/>\n<meta name=\"twitter:card\" content=\"summary_large_image\" \/>\n<meta name=\"twitter:label1\" content=\"Arvioitu lukuaika\" \/>\n\t<meta name=\"twitter:data1\" content=\"1 minuutti\" \/>\n<script type=\"application\/ld+json\" class=\"yoast-schema-graph\">{\"@context\":\"https:\/\/schema.org\",\"@graph\":[{\"@type\":\"WebPage\",\"@id\":\"https:\/\/finlandmuuraus.fi\/\",\"url\":\"https:\/\/finlandmuuraus.fi\/\",\"name\":\"Etusivu - Finland Muuraus\",\"isPartOf\":{\"@id\":\"https:\/\/finlandmuuraus.fi\/#website\"},\"datePublished\":\"2017-09-15T09:32:51+00:00\",\"dateModified\":\"2025-05-28T06:51:43+00:00\",\"description\":\"Finland Muuraus on Uudellamaalla toimiva laadukas ja ammattitaitoinen muurausalan yritys. Toimimme rakennusliikkeiden kumppanina sek\u00e4 kuluttajaprojekteissa kaikissa muuraukseen liittyviss\u00e4 tarpeissa tehokkaasti, ammattitaidolla ja sovitussa aikataulussa.\",\"breadcrumb\":{\"@id\":\"https:\/\/finlandmuuraus.fi\/#breadcrumb\"},\"inLanguage\":\"fi\",\"potentialAction\":[{\"@type\":\"ReadAction\",\"target\":[\"https:\/\/finlandmuuraus.fi\/\"]}]},{\"@type\":\"BreadcrumbList\",\"@id\":\"https:\/\/finlandmuuraus.fi\/#breadcrumb\",\"itemListElement\":[{\"@type\":\"ListItem\",\"position\":1,\"name\":\"Etusivu\",\"item\":\"https:\/\/finlandmuuraus.fi\/\"},{\"@type\":\"ListItem\",\"position\":2,\"name\":\"Etusivu\"}]},{\"@type\":\"WebSite\",\"@id\":\"https:\/\/finlandmuuraus.fi\/#website\",\"url\":\"https:\/\/finlandmuuraus.fi\/\",\"name\":\"Finland Muuraus\",\"description\":\"Kaikki muuraukset\",\"publisher\":{\"@id\":\"https:\/\/finlandmuuraus.fi\/#organization\"},\"potentialAction\":[{\"@type\":\"SearchAction\",\"target\":{\"@type\":\"EntryPoint\",\"urlTemplate\":\"https:\/\/finlandmuuraus.fi\/?s={search_term_string}\"},\"query-input\":\"required name=search_term_string\"}],\"inLanguage\":\"fi\"},{\"@type\":\"Organization\",\"@id\":\"https:\/\/finlandmuuraus.fi\/#organization\",\"name\":\"Finland Muuraus Oy\",\"url\":\"https:\/\/finlandmuuraus.fi\/\",\"sameAs\":[],\"logo\":{\"@type\":\"ImageObject\",\"inLanguage\":\"fi\",\"@id\":\"https:\/\/finlandmuuraus.fi\/#\/schema\/logo\/image\/\",\"url\":\"https:\/\/finlandmuuraus.fi\/wp-content\/uploads\/2021\/03\/cropped-Finland-Muuraus-logo.png\",\"contentUrl\":\"https:\/\/finlandmuuraus.fi\/wp-content\/uploads\/2021\/03\/cropped-Finland-Muuraus-logo.png\",\"width\":296,\"height\":113,\"caption\":\"Finland Muuraus Oy\"},\"image\":{\"@id\":\"https:\/\/finlandmuuraus.fi\/#\/schema\/logo\/image\/\"}}]}<\/script>\n<!-- \/ Yoast SEO plugin. -->","yoast_head_json":{"title":"Etusivu - Finland Muuraus","description":"Finland Muuraus on Uudellamaalla toimiva laadukas ja ammattitaitoinen muurausalan yritys. Toimimme rakennusliikkeiden kumppanina sek\u00e4 kuluttajaprojekteissa kaikissa muuraukseen liittyviss\u00e4 tarpeissa tehokkaasti, ammattitaidolla ja sovitussa aikataulussa.","robots":{"index":"index","follow":"follow","max-snippet":"max-snippet:-1","max-image-preview":"max-image-preview:large","max-video-preview":"max-video-preview:-1"},"canonical":"https:\/\/finlandmuuraus.fi\/","og_locale":"fi_FI","og_type":"article","og_title":"Etusivu - Finland Muuraus","og_description":"Finland Muuraus on Uudellamaalla toimiva laadukas ja ammattitaitoinen muurausalan yritys. Toimimme rakennusliikkeiden kumppanina sek\u00e4 kuluttajaprojekteissa kaikissa muuraukseen liittyviss\u00e4 tarpeissa tehokkaasti, ammattitaidolla ja sovitussa aikataulussa.","og_url":"https:\/\/finlandmuuraus.fi\/","og_site_name":"Finland Muuraus","article_modified_time":"2025-05-28T06:51:43+00:00","og_image":[{"url":"https:\/\/finlandmuuraus.fi\/wp-content\/uploads\/2021\/03\/AdobeStock_310464231.jpg"}],"twitter_card":"summary_large_image","twitter_misc":{"Arvioitu lukuaika":"1 minuutti"},"schema":{"@context":"https:\/\/schema.org","@graph":[{"@type":"WebPage","@id":"https:\/\/finlandmuuraus.fi\/","url":"https:\/\/finlandmuuraus.fi\/","name":"Etusivu - Finland Muuraus","isPartOf":{"@id":"https:\/\/finlandmuuraus.fi\/#website"},"datePublished":"2017-09-15T09:32:51+00:00","dateModified":"2025-05-28T06:51:43+00:00","description":"Finland Muuraus on Uudellamaalla toimiva laadukas ja ammattitaitoinen muurausalan yritys. Toimimme rakennusliikkeiden kumppanina sek\u00e4 kuluttajaprojekteissa kaikissa muuraukseen liittyviss\u00e4 tarpeissa tehokkaasti, ammattitaidolla ja sovitussa aikataulussa.","breadcrumb":{"@id":"https:\/\/finlandmuuraus.fi\/#breadcrumb"},"inLanguage":"fi","potentialAction":[{"@type":"ReadAction","target":["https:\/\/finlandmuuraus.fi\/"]}]},{"@type":"BreadcrumbList","@id":"https:\/\/finlandmuuraus.fi\/#breadcrumb","itemListElement":[{"@type":"ListItem","position":1,"name":"Etusivu","item":"https:\/\/finlandmuuraus.fi\/"},{"@type":"ListItem","position":2,"name":"Etusivu"}]},{"@type":"WebSite","@id":"https:\/\/finlandmuuraus.fi\/#website","url":"https:\/\/finlandmuuraus.fi\/","name":"Finland Muuraus","description":"Kaikki muuraukset","publisher":{"@id":"https:\/\/finlandmuuraus.fi\/#organization"},"potentialAction":[{"@type":"SearchAction","target":{"@type":"EntryPoint","urlTemplate":"https:\/\/finlandmuuraus.fi\/?s={search_term_string}"},"query-input":"required name=search_term_string"}],"inLanguage":"fi"},{"@type":"Organization","@id":"https:\/\/finlandmuuraus.fi\/#organization","name":"Finland Muuraus Oy","url":"https:\/\/finlandmuuraus.fi\/","sameAs":[],"logo":{"@type":"ImageObject","inLanguage":"fi","@id":"https:\/\/finlandmuuraus.fi\/#\/schema\/logo\/image\/","url":"https:\/\/finlandmuuraus.fi\/wp-content\/uploads\/2021\/03\/cropped-Finland-Muuraus-logo.png","contentUrl":"https:\/\/finlandmuuraus.fi\/wp-content\/uploads\/2021\/03\/cropped-Finland-Muuraus-logo.png","width":296,"height":113,"caption":"Finland Muuraus Oy"},"image":{"@id":"https:\/\/finlandmuuraus.fi\/#\/schema\/logo\/image\/"}}]}},"_links":{"self":[{"href":"https:\/\/finlandmuuraus.fi\/index.php?rest_route=\/wp\/v2\/pages\/20","targetHints":{"allow":["GET"]}}],"collection":[{"href":"https:\/\/finlandmuuraus.fi\/index.php?rest_route=\/wp\/v2\/pages"}],"about":[{"href":"https:\/\/finlandmuuraus.fi\/index.php?rest_route=\/wp\/v2\/types\/page"}],"author":[{"embeddable":true,"href":"https:\/\/finlandmuuraus.fi\/index.php?rest_route=\/wp\/v2\/users\/1"}],"replies":[{"embeddable":true,"href":"https:\/\/finlandmuuraus.fi\/index.php?rest_route=%2Fwp%2Fv2%2Fcomments&post=20"}],"version-history":[{"count":19,"href":"https:\/\/finlandmuuraus.fi\/index.php?rest_route=\/wp\/v2\/pages\/20\/revisions"}],"predecessor-version":[{"id":134,"href":"https:\/\/finlandmuuraus.fi\/index.php?rest_route=\/wp\/v2\/pages\/20\/revisions\/134"}],"wp:attachment":[{"href":"https:\/\/finlandmuuraus.fi\/index.php?rest_route=%2Fwp%2Fv2%2Fmedia&parent=20"}],"curies":[{"name":"wp","href":"https:\/\/api.w.org\/{rel}","templated":true}]}}